{"id":1234,"date":"2024-10-02T06:05:17","date_gmt":"2024-10-02T09:05:17","guid":{"rendered":"https:\/\/ryto.com.br\/novo\/politique-de-confidentialite\/"},"modified":"2025-02-26T23:50:09","modified_gmt":"2025-02-27T02:50:09","slug":"politique-de-confidentialite","status":"publish","type":"page","link":"https:\/\/ryto.global\/fr\/politique-de-confidentialite\/","title":{"rendered":"Politique de confidentialit\u00e9"},"content":{"rendered":"\n<p>Date d&rsquo;entr\u00e9e en vigueur : 24 avril 2020 En tant que propri\u00e9taire de ce site web (le \u00ab\u00a0Site\u00a0\u00bb), <strong>Website<\/strong> (\u00ab\u00a0nous\u00a0\u00bb) comprend que votre vie priv\u00e9e est d&rsquo;une importance cruciale. La pr\u00e9sente politique de confidentialit\u00e9 d\u00e9crit les informations que nous recueillons aupr\u00e8s de vous via le Site et la mani\u00e8re dont nous utilisons et divulguons ces informations. <\/p>\n\n<h2 class=\"wp-block-heading\">Votre consentement<\/h2>\n\n<p>Vous acceptez la pr\u00e9sente d\u00e9claration lorsque vous acc\u00e9dez au site web institutionnel<strong>\u00ab\u00a0ryto.global<\/strong>\u00a0\u00bb ou que vous interagissez avec lui. Ce faisant, vous \u00eates conscient de la mani\u00e8re dont nous utiliserons vos informations et vos donn\u00e9es \u00e0 caract\u00e8re personnel et vous l&rsquo;acceptez pleinement. Si vous n&rsquo;acceptez pas cette D\u00e9claration, veuillez ne pas continuer \u00e0 utiliser le site web<strong>\u00ab\u00a0ryto.global<\/strong>\u00ab\u00a0.<\/p>\n\n<h2 class=\"wp-block-heading\">Qu&rsquo;est-ce qu&rsquo;un biscuit ?<\/h2>\n\n<p>Les cookies sont des fichiers cr\u00e9\u00e9s par les sites web que vous visitez et enregistr\u00e9s dans votre navigateur Internet. Ces fichiers contiennent des informations qui permettent d&rsquo;identifier que c&rsquo;est vous qui naviguez sur les sites web que vous visitez. Certains cookies ont une date d&rsquo;expiration, tandis que d&rsquo;autres sont stock\u00e9s plus longtemps dans votre navigateur.  <\/p>\n\n<h2 class=\"wp-block-heading\">Pourquoi collectons-nous ces donn\u00e9es personnelles ?<\/h2>\n\n<p>Nous utilisons les donn\u00e9es personnelles que nous collectons pour am\u00e9liorer votre exp\u00e9rience d&rsquo;utilisation de nos services. Gr\u00e2ce \u00e0 des informations plus pr\u00e9cises, nous sommes en mesure de fournir des services de la mani\u00e8re la plus exclusive et la plus personnalis\u00e9e possible : <\/p>\n\n<ol class=\"wp-block-list\">\n<li>Augmenter la fiabilit\u00e9 des services et des projets que nous d\u00e9veloppons ;<\/li>\n\n\n\n<li>Am\u00e9liorer le service, l&rsquo;exp\u00e9rience et le soutien que nous vous offrons ;<\/li>\n\n\n\n<li>D\u00e9velopper de nouveaux projets, produits et services ;<\/li>\n\n\n\n<li>Perfectionner les strat\u00e9gies de marketing num\u00e9rique pour nos produits et services.<\/li>\n<\/ol>\n\n<h2 class=\"wp-block-heading\">Que faisons-nous des donn\u00e9es personnelles que nous collectons ?<\/h2>\n\n<p>Afin d&rsquo;atteindre les objectifs mentionn\u00e9s ci-dessus, nous utilisons vos donn\u00e9es personnelles de mani\u00e8re anonyme pour effectuer des \u00e9tudes de march\u00e9.<\/p>\n\n<h2 class=\"wp-block-heading\">S\u00e9curit\u00e9 de vos donn\u00e9es personnelles<\/h2>\n\n<p><br\/>Nous pouvons supprimer vos donn\u00e9es personnelles \u00e0 tout moment, en nous contactant \u00e0 l&rsquo;adresse <strong><a href=\"mailto:contato@ryto.global\">contato@ryto.global<\/a><\/strong>.<\/p>\n\n<h2 class=\"wp-block-heading\">Loi g\u00e9n\u00e9rale sur la protection des donn\u00e9es<\/h2>\n\n<p>Chez Ryto, nous collectons ces donn\u00e9es personnelles \u00e0 des fins l\u00e9gitimes, compatibles avec ce que nous vous avons indiqu\u00e9 dans la pr\u00e9sente d\u00e9claration, en ne traitant que ce qui est essentiel pour le site, en garantissant la clart\u00e9 et l&rsquo;int\u00e9grit\u00e9, en prenant toutes les pr\u00e9cautions n\u00e9cessaires et en utilisant tous les m\u00e9canismes n\u00e9cessaires pour garantir la protection des donn\u00e9es personnelles stock\u00e9es, et en nous effor\u00e7ant de prendre des mesures pr\u00e9ventives et non discriminatoires. Nous ne divulguerons, ne transf\u00e9rerons, ne c\u00e9derons, n&rsquo;ali\u00e9nerons ou ne transmettrons en aucun cas les donn\u00e9es personnelles que vous partagez avec nous, pour quelque raison ou justification que ce soit. <\/p>\n\n<h2 class=\"wp-block-heading\">L\u00e9gislation actuelle<\/h2>\n\n<p>Tous les \u00e9l\u00e9ments de la pr\u00e9sente d\u00e9claration de confidentialit\u00e9 sont r\u00e9gis par les lois en vigueur dans la R\u00e9publique f\u00e9d\u00e9rative du Br\u00e9sil et par la compilation de la l\u00e9gislation internationale, des trait\u00e9s internationaux et de la l\u00e9gislation \u00e9parse, afin de garantir la plus grande s\u00e9curit\u00e9 possible.<\/p>\n\n<h2 class=\"wp-block-heading\">A propos du forum<\/h2>\n\n<p>Pour toutes les questions relatives \u00e0 son interpr\u00e9tation et \u00e0 son ex\u00e9cution, <strong>Ryto<\/strong> est et sera toujours \u00e0 la disposition de l&rsquo;Autorit\u00e9 nationale de protection des donn\u00e9es, le Conseil national pour la protection des donn\u00e9es personnelles et de la vie priv\u00e9e, en \u00e9lisant le Forum de S\u00e3o Paulo, \u00c9tat de S\u00e3o Paulo, comme juridiction comp\u00e9tente pour tout conflit d&rsquo;int\u00e9r\u00eats ou affaire en cours.<\/p>\n\n<h2 class=\"wp-block-heading\">Vous avez des questions ?<\/h2>\n\n<p>N&rsquo;h\u00e9sitez pas \u00e0 nous contacter par e-mail \u00e0 l&rsquo;adresse suivante <a href=\"mailto:contato@ryto.global\"><strong>contato@ryto.global<\/strong><\/a><\/p>\n","protected":false},"excerpt":{"rendered":"<p>Date d&rsquo;entr\u00e9e en vigueur : 24 avril 2020 En tant que propri\u00e9taire de ce site web (le \u00ab\u00a0Site\u00a0\u00bb), Website (\u00ab\u00a0nous\u00a0\u00bb) comprend que votre vie priv\u00e9e est d&rsquo;une importance cruciale. La pr\u00e9sente politique de confidentialit\u00e9 d\u00e9crit les informations que nous recueillons aupr\u00e8s de vous via le Site et la mani\u00e8re dont nous utilisons et divulguons ces [&hellip;]<\/p>\n","protected":false},"author":5,"featured_media":0,"parent":0,"menu_order":0,"comment_status":"closed","ping_status":"closed","template":"","meta":{"_acf_changed":false,"footnotes":""},"class_list":["post-1234","page","type-page","status-publish","hentry"],"acf":[],"yoast_head":"<!-- This site is optimized with the Yoast SEO plugin v27.2 - https:\/\/yoast.com\/product\/yoast-seo-wordpress\/ -->\n<title>Politique de confidentialit\u00e9 &#8226; Ryto Public Affairs<\/title>\n<meta name=\"robots\" content=\"index, follow, max-snippet:-1, max-image-preview:large, max-video-preview:-1\" \/>\n<link rel=\"canonical\" href=\"https:\/\/ryto.global\/fr\/politique-de-confidentialite\/\" \/>\n<meta property=\"og:locale\" content=\"fr_FR\" \/>\n<meta property=\"og:type\" content=\"article\" \/>\n<meta property=\"og:title\" content=\"Politique de confidentialit\u00e9 &#8226; Ryto Public Affairs\" \/>\n<meta property=\"og:description\" content=\"Date d&rsquo;entr\u00e9e en vigueur : 24 avril 2020 En tant que propri\u00e9taire de ce site web (le \u00ab\u00a0Site\u00a0\u00bb), Website (\u00ab\u00a0nous\u00a0\u00bb) comprend que votre vie priv\u00e9e est d&rsquo;une importance cruciale. La pr\u00e9sente politique de confidentialit\u00e9 d\u00e9crit les informations que nous recueillons aupr\u00e8s de vous via le Site et la mani\u00e8re dont nous utilisons et divulguons ces [&hellip;]\" \/>\n<meta property=\"og:url\" content=\"https:\/\/ryto.global\/fr\/politique-de-confidentialite\/\" \/>\n<meta property=\"og:site_name\" content=\"Ryto Public Affairs\" \/>\n<meta property=\"article:modified_time\" content=\"2025-02-27T02:50:09+00:00\" \/>\n<meta property=\"og:image\" content=\"https:\/\/ryto.global\/wp-content\/uploads\/2025\/02\/IG-1.png\" \/>\n\t<meta property=\"og:image:width\" content=\"1200\" \/>\n\t<meta property=\"og:image:height\" content=\"675\" \/>\n\t<meta property=\"og:image:type\" content=\"image\/png\" \/>\n<meta name=\"twitter:card\" content=\"summary_large_image\" \/>\n<meta name=\"twitter:label1\" content=\"Dur\u00e9e de lecture estim\u00e9e\" \/>\n\t<meta name=\"twitter:data1\" content=\"3 minutes\" \/>\n<script type=\"application\/ld+json\" class=\"yoast-schema-graph\">{\"@context\":\"https:\/\/schema.org\",\"@graph\":[{\"@type\":\"WebPage\",\"@id\":\"https:\/\/ryto.global\/fr\/politique-de-confidentialite\/\",\"url\":\"https:\/\/ryto.global\/fr\/politique-de-confidentialite\/\",\"name\":\"Politique de confidentialit\u00e9 &#8226; Ryto Public Affairs\",\"isPartOf\":{\"@id\":\"https:\/\/ryto.global\/fr\/#website\"},\"datePublished\":\"2024-10-02T09:05:17+00:00\",\"dateModified\":\"2025-02-27T02:50:09+00:00\",\"breadcrumb\":{\"@id\":\"https:\/\/ryto.global\/fr\/politique-de-confidentialite\/#breadcrumb\"},\"inLanguage\":\"fr-FR\",\"potentialAction\":[{\"@type\":\"ReadAction\",\"target\":[\"https:\/\/ryto.global\/fr\/politique-de-confidentialite\/\"]}]},{\"@type\":\"BreadcrumbList\",\"@id\":\"https:\/\/ryto.global\/fr\/politique-de-confidentialite\/#breadcrumb\",\"itemListElement\":[{\"@type\":\"ListItem\",\"position\":1,\"name\":\"In\u00edcio\",\"item\":\"https:\/\/ryto.global\/fr\/\"},{\"@type\":\"ListItem\",\"position\":2,\"name\":\"Politique de confidentialit\u00e9\"}]},{\"@type\":\"WebSite\",\"@id\":\"https:\/\/ryto.global\/fr\/#website\",\"url\":\"https:\/\/ryto.global\/fr\/\",\"name\":\"Ryto Public Affairs\",\"description\":\"Comunica\u00e7\u00e3o como motor de neg\u00f3cios\",\"publisher\":{\"@id\":\"https:\/\/ryto.global\/fr\/#organization\"},\"alternateName\":\"Ryto\",\"potentialAction\":[{\"@type\":\"SearchAction\",\"target\":{\"@type\":\"EntryPoint\",\"urlTemplate\":\"https:\/\/ryto.global\/fr\/?s={search_term_string}\"},\"query-input\":{\"@type\":\"PropertyValueSpecification\",\"valueRequired\":true,\"valueName\":\"search_term_string\"}}],\"inLanguage\":\"fr-FR\"},{\"@type\":\"Organization\",\"@id\":\"https:\/\/ryto.global\/fr\/#organization\",\"name\":\"Ryto Public Affairs\",\"alternateName\":\"Ryto\",\"url\":\"https:\/\/ryto.global\/fr\/\",\"logo\":{\"@type\":\"ImageObject\",\"inLanguage\":\"fr-FR\",\"@id\":\"https:\/\/ryto.global\/fr\/#\/schema\/logo\/image\/\",\"url\":\"https:\/\/ryto.global\/wp-content\/uploads\/2025\/01\/ryto.png\",\"contentUrl\":\"https:\/\/ryto.global\/wp-content\/uploads\/2025\/01\/ryto.png\",\"width\":2908,\"height\":810,\"caption\":\"Ryto Public Affairs\"},\"image\":{\"@id\":\"https:\/\/ryto.global\/fr\/#\/schema\/logo\/image\/\"},\"sameAs\":[\"https:\/\/www.instagram.com\/rytopublicaffairs\/\",\"https:\/\/www.linkedin.com\/company\/rytopublicaffairs\/\"]}]}<\/script>\n<!-- \/ Yoast SEO plugin. -->","yoast_head_json":{"title":"Politique de confidentialit\u00e9 &#8226; Ryto Public Affairs","robots":{"index":"index","follow":"follow","max-snippet":"max-snippet:-1","max-image-preview":"max-image-preview:large","max-video-preview":"max-video-preview:-1"},"canonical":"https:\/\/ryto.global\/fr\/politique-de-confidentialite\/","og_locale":"fr_FR","og_type":"article","og_title":"Politique de confidentialit\u00e9 &#8226; Ryto Public Affairs","og_description":"Date d&rsquo;entr\u00e9e en vigueur : 24 avril 2020 En tant que propri\u00e9taire de ce site web (le \u00ab\u00a0Site\u00a0\u00bb), Website (\u00ab\u00a0nous\u00a0\u00bb) comprend que votre vie priv\u00e9e est d&rsquo;une importance cruciale. La pr\u00e9sente politique de confidentialit\u00e9 d\u00e9crit les informations que nous recueillons aupr\u00e8s de vous via le Site et la mani\u00e8re dont nous utilisons et divulguons ces [&hellip;]","og_url":"https:\/\/ryto.global\/fr\/politique-de-confidentialite\/","og_site_name":"Ryto Public Affairs","article_modified_time":"2025-02-27T02:50:09+00:00","og_image":[{"width":1200,"height":675,"url":"https:\/\/ryto.global\/wp-content\/uploads\/2025\/02\/IG-1.png","type":"image\/png"}],"twitter_card":"summary_large_image","twitter_misc":{"Dur\u00e9e de lecture estim\u00e9e":"3 minutes"},"schema":{"@context":"https:\/\/schema.org","@graph":[{"@type":"WebPage","@id":"https:\/\/ryto.global\/fr\/politique-de-confidentialite\/","url":"https:\/\/ryto.global\/fr\/politique-de-confidentialite\/","name":"Politique de confidentialit\u00e9 &#8226; Ryto Public Affairs","isPartOf":{"@id":"https:\/\/ryto.global\/fr\/#website"},"datePublished":"2024-10-02T09:05:17+00:00","dateModified":"2025-02-27T02:50:09+00:00","breadcrumb":{"@id":"https:\/\/ryto.global\/fr\/politique-de-confidentialite\/#breadcrumb"},"inLanguage":"fr-FR","potentialAction":[{"@type":"ReadAction","target":["https:\/\/ryto.global\/fr\/politique-de-confidentialite\/"]}]},{"@type":"BreadcrumbList","@id":"https:\/\/ryto.global\/fr\/politique-de-confidentialite\/#breadcrumb","itemListElement":[{"@type":"ListItem","position":1,"name":"In\u00edcio","item":"https:\/\/ryto.global\/fr\/"},{"@type":"ListItem","position":2,"name":"Politique de confidentialit\u00e9"}]},{"@type":"WebSite","@id":"https:\/\/ryto.global\/fr\/#website","url":"https:\/\/ryto.global\/fr\/","name":"Ryto Public Affairs","description":"Comunica\u00e7\u00e3o como motor de neg\u00f3cios","publisher":{"@id":"https:\/\/ryto.global\/fr\/#organization"},"alternateName":"Ryto","potentialAction":[{"@type":"SearchAction","target":{"@type":"EntryPoint","urlTemplate":"https:\/\/ryto.global\/fr\/?s={search_term_string}"},"query-input":{"@type":"PropertyValueSpecification","valueRequired":true,"valueName":"search_term_string"}}],"inLanguage":"fr-FR"},{"@type":"Organization","@id":"https:\/\/ryto.global\/fr\/#organization","name":"Ryto Public Affairs","alternateName":"Ryto","url":"https:\/\/ryto.global\/fr\/","logo":{"@type":"ImageObject","inLanguage":"fr-FR","@id":"https:\/\/ryto.global\/fr\/#\/schema\/logo\/image\/","url":"https:\/\/ryto.global\/wp-content\/uploads\/2025\/01\/ryto.png","contentUrl":"https:\/\/ryto.global\/wp-content\/uploads\/2025\/01\/ryto.png","width":2908,"height":810,"caption":"Ryto Public Affairs"},"image":{"@id":"https:\/\/ryto.global\/fr\/#\/schema\/logo\/image\/"},"sameAs":["https:\/\/www.instagram.com\/rytopublicaffairs\/","https:\/\/www.linkedin.com\/company\/rytopublicaffairs\/"]}]}},"_links":{"self":[{"href":"https:\/\/ryto.global\/fr\/wp-json\/wp\/v2\/pages\/1234","targetHints":{"allow":["GET"]}}],"collection":[{"href":"https:\/\/ryto.global\/fr\/wp-json\/wp\/v2\/pages"}],"about":[{"href":"https:\/\/ryto.global\/fr\/wp-json\/wp\/v2\/types\/page"}],"author":[{"embeddable":true,"href":"https:\/\/ryto.global\/fr\/wp-json\/wp\/v2\/users\/5"}],"replies":[{"embeddable":true,"href":"https:\/\/ryto.global\/fr\/wp-json\/wp\/v2\/comments?post=1234"}],"version-history":[{"count":1,"href":"https:\/\/ryto.global\/fr\/wp-json\/wp\/v2\/pages\/1234\/revisions"}],"predecessor-version":[{"id":1235,"href":"https:\/\/ryto.global\/fr\/wp-json\/wp\/v2\/pages\/1234\/revisions\/1235"}],"wp:attachment":[{"href":"https:\/\/ryto.global\/fr\/wp-json\/wp\/v2\/media?parent=1234"}],"curies":[{"name":"wp","href":"https:\/\/api.w.org\/{rel}","templated":true}]}}